{"id":55,"date":"2025-07-03T13:46:44","date_gmt":"2025-07-03T11:46:44","guid":{"rendered":"https:\/\/worfelden.com\/?page_id=55"},"modified":"2025-07-19T16:00:19","modified_gmt":"2025-07-19T14:00:19","slug":"startseite","status":"publish","type":"page","link":"https:\/\/worfelden.com\/","title":{"rendered":"Startseite"},"content":{"rendered":"\n<p><strong>Worfelden<\/strong>, Ortsteil der Gemeinde B\u00fcttelborn, ist mit rund 5.000 Einwohnern und seiner N\u00e4he zu den St\u00e4dten Darmstadt, Mainz, Frankfurt und Wiesbaden beliebter Wohnort.<\/p>\n\n\n\n<p>Auf dieser Seite haben Sie schnellen Zugriff zu Worfelder Vereinen, Gewerbe und Gemeindeinformationen sowie zu den wichtigsten Terminen.<\/p>\n","protected":false},"excerpt":{"rendered":"<p>Worfelden, Ortsteil der Gemeinde B\u00fcttelborn, ist mit rund 5.000 Einwohnern und seiner N\u00e4he zu den St\u00e4dten Darmstadt, Mainz, Frankfurt und Wiesbaden beliebter Wohnort. Auf dieser Seite haben Sie schnellen Zugriff zu Worfelder Vereinen, Gewerbe und Gemeindeinformationen sowie zu den wichtigsten Terminen.<\/p>\n","protected":false},"author":1,"featured_media":0,"parent":0,"menu_order":0,"comment_status":"closed","ping_status":"closed","template":"","meta":{"footnotes":""},"class_list":["post-55","page","type-page","status-publish","hentry"],"_links":{"self":[{"href":"https:\/\/worfelden.com\/index.php\/wp-json\/wp\/v2\/pages\/55","targetHints":{"allow":["GET"]}}],"collection":[{"href":"https:\/\/worfelden.com\/index.php\/wp-json\/wp\/v2\/pages"}],"about":[{"href":"https:\/\/worfelden.com\/index.php\/wp-json\/wp\/v2\/types\/page"}],"author":[{"embeddable":true,"href":"https:\/\/worfelden.com\/index.php\/wp-json\/wp\/v2\/users\/1"}],"replies":[{"embeddable":true,"href":"https:\/\/worfelden.com\/index.php\/wp-json\/wp\/v2\/comments?post=55"}],"version-history":[{"count":6,"href":"https:\/\/worfelden.com\/index.php\/wp-json\/wp\/v2\/pages\/55\/revisions"}],"predecessor-version":[{"id":112,"href":"https:\/\/worfelden.com\/index.php\/wp-json\/wp\/v2\/pages\/55\/revisions\/112"}],"wp:attachment":[{"href":"https:\/\/worfelden.com\/index.php\/wp-json\/wp\/v2\/media?parent=55"}],"curies":[{"name":"wp","href":"https:\/\/api.w.org\/{rel}","templated":true}]}}